{"id":13068,"date":"2022-11-24T09:57:32","date_gmt":"2022-11-24T09:57:32","guid":{"rendered":"https:\/\/www.navarrafilmindustry.com\/?page_id=13068"},"modified":"2023-09-15T12:19:36","modified_gmt":"2023-09-15T12:19:36","slug":"aviso-legal","status":"publish","type":"page","link":"https:\/\/www.navarrafilmindustry.com\/es\/aviso-legal\/","title":{"rendered":"Aviso Legal"},"content":{"rendered":"[vc_row type=\u00bbin_container\u00bb full_screen_row_position=\u00bbmiddle\u00bb column_margin=\u00bbdefault\u00bb column_direction=\u00bbdefault\u00bb column_direction_tablet=\u00bbdefault\u00bb column_direction_phone=\u00bbdefault\u00bb scene_position=\u00bbcenter\u00bb text_color=\u00bbdark\u00bb text_align=\u00bbleft\u00bb row_border_radius=\u00bbnone\u00bb row_border_radius_applies=\u00bbbg\u00bb overflow=\u00bbvisible\u00bb overlay_strength=\u00bb0.3&#8243; gradient_direction=\u00bbleft_to_right\u00bb shape_divider_position=\u00bbbottom\u00bb bg_image_animation=\u00bbnone\u00bb][vc_column column_padding=\u00bbno-extra-padding\u00bb column_padding_tablet=\u00bbinherit\u00bb column_padding_phone=\u00bbinherit\u00bb column_padding_position=\u00bball\u00bb column_element_spacing=\u00bbdefault\u00bb background_color_opacity=\u00bb1&#8243; background_hover_color_opacity=\u00bb1&#8243; column_shadow=\u00bbnone\u00bb column_border_radius=\u00bbnone\u00bb column_link_target=\u00bb_self\u00bb column_position=\u00bbdefault\u00bb gradient_direction=\u00bbleft_to_right\u00bb overlay_strength=\u00bb0.3&#8243; width=\u00bb1\/1&#8243; tablet_width_inherit=\u00bbdefault\u00bb tablet_text_alignment=\u00bbdefault\u00bb phone_text_alignment=\u00bbdefault\u00bb animation_type=\u00bbdefault\u00bb bg_image_animation=\u00bbnone\u00bb border_type=\u00bbsimple\u00bb column_border_width=\u00bbnone\u00bb column_border_style=\u00bbsolid\u00bb][vc_column_text]\n<h1>Aviso legal<\/h1>\n<h3><\/h3>\n<h4><strong>TERMINOS GENERALES DE USO<\/strong><\/h4>\n<p>&nbsp;<\/p>\n<p>El acceso a los contenidos de las secciones de nuestra Web, se har\u00e1 de acuerdo a la pol\u00edtica que establezca, NAVARRA IMPULSA CULTURA, DEPORTE Y OCIO S.L. Asimismo la entidad, podr\u00e1 modificar, en cualquier momento y sin previo aviso, la informaci\u00f3n contenida en el sitio Web, por lo que la entidad no se responsabiliza de que esa informaci\u00f3n est\u00e9 actualizada.<\/p>\n<h4><strong>RESPONSABILIDAD DE NAVARRA IMPULSA DE CULTURA, DEPORTE Y OCIO S.L.<\/strong><\/h4>\n<p>Tanto el acceso a esta Web como el uso que pueda hacerse de la informaci\u00f3n contenida en el mismo es de la exclusiva responsabilidad de quien lo realiza.<\/p>\n<p>NAVARRA IMPULSA CULTURA, DEPORTE Y OCIO S.L. no responder\u00e1 de ninguna consecuencia, da\u00f1o o perjuicio que pudieran derivarse de dicho acceso o uso de la informaci\u00f3n. NAVARRA IMPULSA CULTURA, DEPORTE Y OCIO S.L., no se hace responsable de los posibles errores de seguridad que se puedan producir ni de los posibles da\u00f1os que puedan causarse al sistema inform\u00e1tico del usuario (hardware y software), los ficheros o documentos almacenados en el mismo, como consecuencia de la presencia de malware en el ordenador del usuario utilizado para la conexi\u00f3n a los servicios y contenidos de la Web, de un mal funcionamiento del navegador o del uso de versiones no actualizadas del mismo.<\/p>\n<p>Por tanto el usuario acepta, de forma expresa y sin reservas, que el acceso y la utilizaci\u00f3n del portal, se hace bajo su \u00fanica y exclusiva responsabilidad.<\/p>\n<p>En virtud de la Ley 34\/2002 de 11 de julio de Servicios de la Sociedad de la Informaci\u00f3n y Comercio Electr\u00f3nico, para cualquier controversia que pudiera surgir ser\u00e1 de aplicaci\u00f3n la legislaci\u00f3n espa\u00f1ola. El usuario responder\u00e1, en cualquier caso, de la veracidad de los datos facilitados, reserv\u00e1ndose NAVARRA IMPULSA CULTURA, DEPORTE Y OCIO S.L. el derecho a excluir de los servicios registrados a todo usuario que haya facilitado datos falsos, sin prejuicio de las dem\u00e1s acciones que procedan en Derecho.<\/p>\n<h4><strong>PROPIEDAD INTELECTUAL<\/strong><\/h4>\n<p>NAVARRA IMPULSA CULTURA, DEPORTE Y OCIO S.L. es propietario y\/o licenciatario, de toda la informaci\u00f3n contenida en este portal, de su dise\u00f1o gr\u00e1fico, im\u00e1genes, bases de datos, \u00edndices, c\u00f3digos fuentes, marcas y logotipos, estando protegidos conforme a lo dispuesto en la Ley de Propiedad Intelectual, y, en la Ley de Marcas.<br \/>\nSu puesta a disposici\u00f3n y uso, no supone, en ning\u00fan caso, la cesi\u00f3n de su titularidad o la concesi\u00f3n de un derecho de uso a favor del Usuario, por lo que toda reproducci\u00f3n, copia, distribuci\u00f3n total o parcial, o, comercializaci\u00f3n, requerir\u00e1 la autorizaci\u00f3n previa y escrita de NAVARRA IMPULSA CULTURA, DEPORTE Y OCIO S.L., reserv\u00e1ndose la entidad, en caso de uso indebido del Website, el derecho a ejercitar cuantas acciones legales fueran precisas para la restituci\u00f3n de los da\u00f1os y perjuicios causados, asimismo el usuario se obliga a indemnizar a la entidad por cualquier da\u00f1o o perjuicio que pudiera ocasionar por el uso de esta Web, infringiendo estas condiciones generales y\/o la legalidad vigente.<\/p>\n<h4><strong>LINKS, BANNERS<\/strong><\/h4>\n<p>La inclusi\u00f3n en el portal www.nicdo.es de links o enlaces con otros portales, tiene una finalidad meramente informativa, y no supone que NAVARRA IMPULSA CULTURA, DEPORTE Y OCIO S.L. recomiende y\/o garantice dichos portales, sobre los que no ejerce control alguno, ni es responsable del contenido de los mismos.<\/p>\n<h4><strong>NAVARRA IMPULSA CULTURA, DEPORTE Y OCIO S.L.<\/strong><\/h4>\n<p>NIF: B-31.931.959<br \/>\nDirecci\u00f3n: Plaza de la Constituci\u00f3<br \/>\nC.P: 31002 Localidad: Pamplona<br \/>\nProvincia: Navarra<br \/>\ne-mail: nicdo@nicdo.es<br \/>\nInscrita en el Registro Mercantil de Navarra, Tomo 1.356, Folio 212, Hoja NA-26.983<br \/>\n<em>\u00daltima actualizaci\u00f3n, el 10 de enerode 2023<\/em>[\/vc_column_text][divider line_type=\u00bbFull Width Line\u00bb line_thickness=\u00bb1&#8243; divider_color=\u00bbdefault\u00bb][\/vc_column][\/vc_row]\n","protected":false},"excerpt":{"rendered":"<p>[vc_row type=\u00bbin_container\u00bb full_screen_row_position=\u00bbmiddle\u00bb column_margin=\u00bbdefault\u00bb column_direction=\u00bbdefault\u00bb column_direction_tablet=\u00bbdefault\u00bb column_direction_phone=\u00bbdefault\u00bb scene_position=\u00bbcenter\u00bb text_color=\u00bbdark\u00bb text_align=\u00bbleft\u00bb row_border_radius=\u00bbnone\u00bb row_border_radius_applies=\u00bbbg\u00bb overflow=\u00bbvisible\u00bb overlay_strength=\u00bb0.3&#8243; gradient_direction=\u00bbleft_to_right\u00bb shape_divider_position=\u00bbbottom\u00bb bg_image_animation=\u00bbnone\u00bb][vc_column column_padding=\u00bbno-extra-padding\u00bb column_padding_tablet=\u00bbinherit\u00bb column_padding_phone=\u00bbinherit\u00bb column_padding_position=\u00bball\u00bb column_element_spacing=\u00bbdefault\u00bb background_color_opacity=\u00bb1&#8243; background_hover_color_opacity=\u00bb1&#8243; column_shadow=\u00bbnone\u00bb column_border_radius=\u00bbnone\u00bb column_link_target=\u00bb_self\u00bb column_position=\u00bbdefault\u00bb gradient_direction=\u00bbleft_to_right\u00bb overlay_strength=\u00bb0.3&#8243; width=\u00bb1\/1&#8243; tablet_width_inherit=\u00bbdefault\u00bb tablet_text_alignment=\u00bbdefault\u00bb phone_text_alignment=\u00bbdefault\u00bb animation_type=\u00bbdefault\u00bb bg_image_animation=\u00bbnone\u00bb border_type=\u00bbsimple\u00bb column_border_width=\u00bbnone\u00bb column_border_style=\u00bbsolid\u00bb][vc_column_text] Aviso legal TERMINOS GENERALES DE USO &nbsp; El acceso a los contenidos de las secciones de nuestra Web, se har\u00e1 de acuerdo a la pol\u00edtica que establezca, NAVARRA IMPULSA CULTURA, DEPORTE Y OCIO S.L. Asimismo la entidad, podr\u00e1 modificar, en cualquier momento y sin previo aviso, la informaci\u00f3n contenida en el sitio Web, por lo que la entidad no se responsabiliza de que esa informaci\u00f3n est\u00e9 actualizada. RESPONSABILIDAD DE NAVARRA IMPULSA DE CULTURA, DEPORTE Y OCIO S.L. Tanto el acceso a esta Web como el uso que pueda hacerse de la informaci\u00f3n contenida en el mismo es de la exclusiva responsabilidad de quien lo realiza. NAVARRA IMPULSA CULTURA, DEPORTE Y OCIO S.L. no responder\u00e1 de ninguna consecuencia, da\u00f1o o perjuicio que pudieran derivarse de dicho acceso o uso de la informaci\u00f3n. NAVARRA IMPULSA CULTURA, DEPORTE Y OCIO S.L., no se hace responsable de los posibles errores de seguridad que se puedan producir ni de los posibles da\u00f1os que puedan causarse al sistema inform\u00e1tico del usuario (hardware y software), los ficheros o documentos almacenados en el mismo, como consecuencia de la presencia de malware en el ordenador del usuario utilizado para la conexi\u00f3n a los servicios y contenidos de la Web, de un mal funcionamiento del navegador o del uso de versiones no actualizadas del mismo. Por tanto el usuario acepta, de forma expresa y sin reservas, que el acceso y la utilizaci\u00f3n del portal, se hace bajo su \u00fanica y exclusiva responsabilidad. En virtud de la Ley 34\/2002 de 11 de julio de Servicios de la Sociedad de la Informaci\u00f3n y&#8230;<\/p>\n","protected":false},"author":1,"featured_media":0,"parent":0,"menu_order":0,"comment_status":"closed","ping_status":"closed","template":"","meta":{"_acf_changed":false,"footnotes":""},"class_list":["post-13068","page","type-page","status-publish"],"acf":[],"yoast_head":"<!-- This site is optimized with the Yoast SEO plugin v23.7 - https:\/\/yoast.com\/wordpress\/plugins\/seo\/ -->\n<title>Aviso Legal - NFI<\/title>\n<meta name=\"robots\" content=\"index, follow, max-snippet:-1, max-image-preview:large, max-video-preview:-1\" \/>\n<link rel=\"canonical\" href=\"https:\/\/www.navarrafilmindustry.com\/eu\/aviso-legal\/\" \/>\n<meta property=\"og:locale\" content=\"es_ES\" \/>\n<meta property=\"og:type\" content=\"article\" \/>\n<meta property=\"og:title\" content=\"Aviso Legal - NFI\" \/>\n<meta property=\"og:description\" content=\"[vc_row type=\u00bbin_container\u00bb full_screen_row_position=\u00bbmiddle\u00bb column_margin=\u00bbdefault\u00bb column_direction=\u00bbdefault\u00bb column_direction_tablet=\u00bbdefault\u00bb column_direction_phone=\u00bbdefault\u00bb scene_position=\u00bbcenter\u00bb text_color=\u00bbdark\u00bb text_align=\u00bbleft\u00bb row_border_radius=\u00bbnone\u00bb row_border_radius_applies=\u00bbbg\u00bb overflow=\u00bbvisible\u00bb overlay_strength=\u00bb0.3&#8243; gradient_direction=\u00bbleft_to_right\u00bb shape_divider_position=\u00bbbottom\u00bb bg_image_animation=\u00bbnone\u00bb][vc_column column_padding=\u00bbno-extra-padding\u00bb column_padding_tablet=\u00bbinherit\u00bb column_padding_phone=\u00bbinherit\u00bb column_padding_position=\u00bball\u00bb column_element_spacing=\u00bbdefault\u00bb background_color_opacity=\u00bb1&#8243; background_hover_color_opacity=\u00bb1&#8243; column_shadow=\u00bbnone\u00bb column_border_radius=\u00bbnone\u00bb column_link_target=\u00bb_self\u00bb column_position=\u00bbdefault\u00bb gradient_direction=\u00bbleft_to_right\u00bb overlay_strength=\u00bb0.3&#8243; width=\u00bb1\/1&#8243; tablet_width_inherit=\u00bbdefault\u00bb tablet_text_alignment=\u00bbdefault\u00bb phone_text_alignment=\u00bbdefault\u00bb animation_type=\u00bbdefault\u00bb bg_image_animation=\u00bbnone\u00bb border_type=\u00bbsimple\u00bb column_border_width=\u00bbnone\u00bb column_border_style=\u00bbsolid\u00bb][vc_column_text] Aviso legal TERMINOS GENERALES DE USO &nbsp; El acceso a los contenidos de las secciones de nuestra Web, se har\u00e1 de acuerdo a la pol\u00edtica que establezca, NAVARRA IMPULSA CULTURA, DEPORTE Y OCIO S.L. Asimismo la entidad, podr\u00e1 modificar, en cualquier momento y sin previo aviso, la informaci\u00f3n contenida en el sitio Web, por lo que la entidad no se responsabiliza de que esa informaci\u00f3n est\u00e9 actualizada. RESPONSABILIDAD DE NAVARRA IMPULSA DE CULTURA, DEPORTE Y OCIO S.L. Tanto el acceso a esta Web como el uso que pueda hacerse de la informaci\u00f3n contenida en el mismo es de la exclusiva responsabilidad de quien lo realiza. NAVARRA IMPULSA CULTURA, DEPORTE Y OCIO S.L. no responder\u00e1 de ninguna consecuencia, da\u00f1o o perjuicio que pudieran derivarse de dicho acceso o uso de la informaci\u00f3n. NAVARRA IMPULSA CULTURA, DEPORTE Y OCIO S.L., no se hace responsable de los posibles errores de seguridad que se puedan producir ni de los posibles da\u00f1os que puedan causarse al sistema inform\u00e1tico del usuario (hardware y software), los ficheros o documentos almacenados en el mismo, como consecuencia de la presencia de malware en el ordenador del usuario utilizado para la conexi\u00f3n a los servicios y contenidos de la Web, de un mal funcionamiento del navegador o del uso de versiones no actualizadas del mismo. Por tanto el usuario acepta, de forma expresa y sin reservas, que el acceso y la utilizaci\u00f3n del portal, se hace bajo su \u00fanica y exclusiva responsabilidad. En virtud de la Ley 34\/2002 de 11 de julio de Servicios de la Sociedad de la Informaci\u00f3n y...\" \/>\n<meta property=\"og:url\" content=\"https:\/\/www.navarrafilmindustry.com\/eu\/aviso-legal\/\" \/>\n<meta property=\"og:site_name\" content=\"NFI\" \/>\n<meta property=\"article:modified_time\" content=\"2023-09-15T12:19:36+00:00\" \/>\n<meta name=\"twitter:card\" content=\"summary_large_image\" \/>\n<meta name=\"twitter:label1\" content=\"Tiempo de lectura\" \/>\n\t<meta name=\"twitter:data1\" content=\"4 minutos\" \/>\n<script type=\"application\/ld+json\" class=\"yoast-schema-graph\">{\"@context\":\"https:\/\/schema.org\",\"@graph\":[{\"@type\":\"WebPage\",\"@id\":\"https:\/\/www.navarrafilmindustry.com\/eu\/aviso-legal\/\",\"url\":\"https:\/\/www.navarrafilmindustry.com\/eu\/aviso-legal\/\",\"name\":\"Aviso Legal - NFI\",\"isPartOf\":{\"@id\":\"https:\/\/www.navarrafilmindustry.com\/eu\/#website\"},\"datePublished\":\"2022-11-24T09:57:32+00:00\",\"dateModified\":\"2023-09-15T12:19:36+00:00\",\"breadcrumb\":{\"@id\":\"https:\/\/www.navarrafilmindustry.com\/eu\/aviso-legal\/#breadcrumb\"},\"inLanguage\":\"es\",\"potentialAction\":[{\"@type\":\"ReadAction\",\"target\":[\"https:\/\/www.navarrafilmindustry.com\/eu\/aviso-legal\/\"]}]},{\"@type\":\"BreadcrumbList\",\"@id\":\"https:\/\/www.navarrafilmindustry.com\/eu\/aviso-legal\/#breadcrumb\",\"itemListElement\":[{\"@type\":\"ListItem\",\"position\":1,\"name\":\"Portada\",\"item\":\"https:\/\/www.navarrafilmindustry.com\/es\/\"},{\"@type\":\"ListItem\",\"position\":2,\"name\":\"Aviso Legal\"}]},{\"@type\":\"WebSite\",\"@id\":\"https:\/\/www.navarrafilmindustry.com\/eu\/#website\",\"url\":\"https:\/\/www.navarrafilmindustry.com\/eu\/\",\"name\":\"NFI\",\"description\":\"\",\"potentialAction\":[{\"@type\":\"SearchAction\",\"target\":{\"@type\":\"EntryPoint\",\"urlTemplate\":\"https:\/\/www.navarrafilmindustry.com\/eu\/?s={search_term_string}\"},\"query-input\":{\"@type\":\"PropertyValueSpecification\",\"valueRequired\":true,\"valueName\":\"search_term_string\"}}],\"inLanguage\":\"es\"}]}<\/script>\n<!-- \/ Yoast SEO plugin. -->","yoast_head_json":{"title":"Aviso Legal - NFI","robots":{"index":"index","follow":"follow","max-snippet":"max-snippet:-1","max-image-preview":"max-image-preview:large","max-video-preview":"max-video-preview:-1"},"canonical":"https:\/\/www.navarrafilmindustry.com\/eu\/aviso-legal\/","og_locale":"es_ES","og_type":"article","og_title":"Aviso Legal - NFI","og_description":"[vc_row type=\u00bbin_container\u00bb full_screen_row_position=\u00bbmiddle\u00bb column_margin=\u00bbdefault\u00bb column_direction=\u00bbdefault\u00bb column_direction_tablet=\u00bbdefault\u00bb column_direction_phone=\u00bbdefault\u00bb scene_position=\u00bbcenter\u00bb text_color=\u00bbdark\u00bb text_align=\u00bbleft\u00bb row_border_radius=\u00bbnone\u00bb row_border_radius_applies=\u00bbbg\u00bb overflow=\u00bbvisible\u00bb overlay_strength=\u00bb0.3&#8243; gradient_direction=\u00bbleft_to_right\u00bb shape_divider_position=\u00bbbottom\u00bb bg_image_animation=\u00bbnone\u00bb][vc_column column_padding=\u00bbno-extra-padding\u00bb column_padding_tablet=\u00bbinherit\u00bb column_padding_phone=\u00bbinherit\u00bb column_padding_position=\u00bball\u00bb column_element_spacing=\u00bbdefault\u00bb background_color_opacity=\u00bb1&#8243; background_hover_color_opacity=\u00bb1&#8243; column_shadow=\u00bbnone\u00bb column_border_radius=\u00bbnone\u00bb column_link_target=\u00bb_self\u00bb column_position=\u00bbdefault\u00bb gradient_direction=\u00bbleft_to_right\u00bb overlay_strength=\u00bb0.3&#8243; width=\u00bb1\/1&#8243; tablet_width_inherit=\u00bbdefault\u00bb tablet_text_alignment=\u00bbdefault\u00bb phone_text_alignment=\u00bbdefault\u00bb animation_type=\u00bbdefault\u00bb bg_image_animation=\u00bbnone\u00bb border_type=\u00bbsimple\u00bb column_border_width=\u00bbnone\u00bb column_border_style=\u00bbsolid\u00bb][vc_column_text] Aviso legal TERMINOS GENERALES DE USO &nbsp; El acceso a los contenidos de las secciones de nuestra Web, se har\u00e1 de acuerdo a la pol\u00edtica que establezca, NAVARRA IMPULSA CULTURA, DEPORTE Y OCIO S.L. Asimismo la entidad, podr\u00e1 modificar, en cualquier momento y sin previo aviso, la informaci\u00f3n contenida en el sitio Web, por lo que la entidad no se responsabiliza de que esa informaci\u00f3n est\u00e9 actualizada. RESPONSABILIDAD DE NAVARRA IMPULSA DE CULTURA, DEPORTE Y OCIO S.L. Tanto el acceso a esta Web como el uso que pueda hacerse de la informaci\u00f3n contenida en el mismo es de la exclusiva responsabilidad de quien lo realiza. NAVARRA IMPULSA CULTURA, DEPORTE Y OCIO S.L. no responder\u00e1 de ninguna consecuencia, da\u00f1o o perjuicio que pudieran derivarse de dicho acceso o uso de la informaci\u00f3n. NAVARRA IMPULSA CULTURA, DEPORTE Y OCIO S.L., no se hace responsable de los posibles errores de seguridad que se puedan producir ni de los posibles da\u00f1os que puedan causarse al sistema inform\u00e1tico del usuario (hardware y software), los ficheros o documentos almacenados en el mismo, como consecuencia de la presencia de malware en el ordenador del usuario utilizado para la conexi\u00f3n a los servicios y contenidos de la Web, de un mal funcionamiento del navegador o del uso de versiones no actualizadas del mismo. Por tanto el usuario acepta, de forma expresa y sin reservas, que el acceso y la utilizaci\u00f3n del portal, se hace bajo su \u00fanica y exclusiva responsabilidad. En virtud de la Ley 34\/2002 de 11 de julio de Servicios de la Sociedad de la Informaci\u00f3n y...","og_url":"https:\/\/www.navarrafilmindustry.com\/eu\/aviso-legal\/","og_site_name":"NFI","article_modified_time":"2023-09-15T12:19:36+00:00","twitter_card":"summary_large_image","twitter_misc":{"Tiempo de lectura":"4 minutos"},"schema":{"@context":"https:\/\/schema.org","@graph":[{"@type":"WebPage","@id":"https:\/\/www.navarrafilmindustry.com\/eu\/aviso-legal\/","url":"https:\/\/www.navarrafilmindustry.com\/eu\/aviso-legal\/","name":"Aviso Legal - NFI","isPartOf":{"@id":"https:\/\/www.navarrafilmindustry.com\/eu\/#website"},"datePublished":"2022-11-24T09:57:32+00:00","dateModified":"2023-09-15T12:19:36+00:00","breadcrumb":{"@id":"https:\/\/www.navarrafilmindustry.com\/eu\/aviso-legal\/#breadcrumb"},"inLanguage":"es","potentialAction":[{"@type":"ReadAction","target":["https:\/\/www.navarrafilmindustry.com\/eu\/aviso-legal\/"]}]},{"@type":"BreadcrumbList","@id":"https:\/\/www.navarrafilmindustry.com\/eu\/aviso-legal\/#breadcrumb","itemListElement":[{"@type":"ListItem","position":1,"name":"Portada","item":"https:\/\/www.navarrafilmindustry.com\/es\/"},{"@type":"ListItem","position":2,"name":"Aviso Legal"}]},{"@type":"WebSite","@id":"https:\/\/www.navarrafilmindustry.com\/eu\/#website","url":"https:\/\/www.navarrafilmindustry.com\/eu\/","name":"NFI","description":"","potentialAction":[{"@type":"SearchAction","target":{"@type":"EntryPoint","urlTemplate":"https:\/\/www.navarrafilmindustry.com\/eu\/?s={search_term_string}"},"query-input":{"@type":"PropertyValueSpecification","valueRequired":true,"valueName":"search_term_string"}}],"inLanguage":"es"}]}},"_links":{"self":[{"href":"https:\/\/www.navarrafilmindustry.com\/es\/wp-json\/wp\/v2\/pages\/13068"}],"collection":[{"href":"https:\/\/www.navarrafilmindustry.com\/es\/wp-json\/wp\/v2\/pages"}],"about":[{"href":"https:\/\/www.navarrafilmindustry.com\/es\/wp-json\/wp\/v2\/types\/page"}],"author":[{"embeddable":true,"href":"https:\/\/www.navarrafilmindustry.com\/es\/wp-json\/wp\/v2\/users\/1"}],"replies":[{"embeddable":true,"href":"https:\/\/www.navarrafilmindustry.com\/es\/wp-json\/wp\/v2\/comments?post=13068"}],"version-history":[{"count":9,"href":"https:\/\/www.navarrafilmindustry.com\/es\/wp-json\/wp\/v2\/pages\/13068\/revisions"}],"predecessor-version":[{"id":37528,"href":"https:\/\/www.navarrafilmindustry.com\/es\/wp-json\/wp\/v2\/pages\/13068\/revisions\/37528"}],"wp:attachment":[{"href":"https:\/\/www.navarrafilmindustry.com\/es\/wp-json\/wp\/v2\/media?parent=13068"}],"curies":[{"name":"wp","href":"https:\/\/api.w.org\/{rel}","templated":true}]}}